{"id":92,"date":"2024-10-24T20:48:53","date_gmt":"2024-10-24T17:48:53","guid":{"rendered":"https:\/\/andritsaina.local\/?page_id=92"},"modified":"2026-03-16T20:43:45","modified_gmt":"2026-03-16T18:43:45","slug":"informations-utiles","status":"publish","type":"page","link":"https:\/\/andritsaina.site\/fr\/useful-info\/","title":{"rendered":"Informations utiles"},"content":{"rendered":"<figure class=\"wp-block-image size-full is-resized\"><img loading=\"lazy\" decoding=\"async\" width=\"930\" height=\"465\" src=\"https:\/\/andritsaina.com\/wp-content\/uploads\/LAIKI_AGORA.jpg\" alt=\"\" class=\"wp-image-2627\" style=\"width:754px;height:auto\" srcset=\"https:\/\/andritsaina.site\/wp-content\/uploads\/LAIKI_AGORA.jpg 930w, https:\/\/andritsaina.site\/wp-content\/uploads\/LAIKI_AGORA-768x384.jpg 768w, https:\/\/andritsaina.site\/wp-content\/uploads\/LAIKI_AGORA-18x9.jpg 18w, https:\/\/andritsaina.site\/wp-content\/uploads\/LAIKI_AGORA-600x300.jpg 600w\" sizes=\"auto, (max-width: 930px) 100vw, 930px\" \/><\/figure>\n\n\n\n<div style=\"height:10px\" aria-hidden=\"true\" class=\"wp-block-spacer\"><\/div>\n\n\n\n<h2 class=\"wp-block-heading\"><strong>Informations utiles sur Andritsaina<\/strong><\/h2>\n\n\n\n<p>\u0391\u03bd \u03b5\u03c0\u03b9\u03c3\u03ba\u03ad\u03c0\u03c4\u03b5\u03c3\u03c4\u03b5 \u03c4\u03b7\u03bd \u0391\u03bd\u03b4\u03c1\u03af\u03c4\u03c3\u03b1\u03b9\u03bd\u03b1 \u03ae \u03b2\u03c1\u03af\u03c3\u03ba\u03b5\u03c3\u03c4\u03b5 \u03c3\u03c4\u03b7\u03bd \u03c0\u03b5\u03c1\u03b9\u03bf\u03c7\u03ae, \u03b5\u03b4\u03ce \u03b8\u03b1 \u03b2\u03c1\u03b5\u03af\u03c4\u03b5 \u03c3\u03b7\u03bc\u03b1\u03bd\u03c4\u03b9\u03ba\u03ac \u03c4\u03b7\u03bb\u03ad\u03c6\u03c9\u03bd\u03b1 \u03ba\u03b1\u03b9 \u03c5\u03c0\u03b7\u03c1\u03b5\u03c3\u03af\u03b5\u03c2 \u03c0\u03bf\u03c5 \u03bc\u03c0\u03bf\u03c1\u03b5\u03af \u03bd\u03b1 \u03c3\u03b1\u03c2 \u03c6\u03b1\u03bd\u03bf\u03cd\u03bd \u03c7\u03c1\u03ae\u03c3\u03b9\u03bc\u03b1 \u03ba\u03b1\u03c4\u03ac \u03c4\u03b7 \u03b4\u03b9\u03ac\u03c1\u03ba\u03b5\u03b9\u03b1 \u03c4\u03b7\u03c2 \u03c0\u03b1\u03c1\u03b1\u03bc\u03bf\u03bd\u03ae\u03c2 \u03c3\u03b1\u03c2.                   \u03a4\u03b7\u03bb\u03ad\u03c6\u03c9\u03bd\u03b1 \u03ba\u03b1\u03b9 \u03c5\u03c0\u03b7\u03c1\u03b5\u03c3\u03af\u03b5\u03c2 \u03b3\u03b9\u03b1 \u0391\u03bd\u03b4\u03c1\u03af\u03c4\u03c3\u03b1\u03b9\u03bd\u03b1<\/p>\n\n\n\n<h3 class=\"wp-block-heading\">Urgence<\/h3>\n\n\n\n<ul class=\"wp-block-list\">\n<li><strong>Police <\/strong><a href=\"\/fr\/t\u00e9l\u00e9phone : +302626022209\/\">+302626022209<\/a> \/  <a href=\"tel:+30100\">+30100<\/a><\/li>\n\n\n\n<li><strong>Service d'incendie<\/strong>&nbsp; <a href=\"\/fr\/t\u00e9l\u00e9phone : +100\/\">+30199&nbsp;<\/a><\/li>\n\n\n\n<li><strong>Centre de premiers secours<\/strong> <a href=\"\/fr\/t\u00e9l\u00e9phone : +302626022222\/\">+302626022222<\/a><\/li>\n\n\n\n<li><strong>Centre de sant\u00e9 de Megalopolis, premiers soins 24 heures sur 24<\/strong> <a href=\"\/fr\/t\u00e9l\u00e9phone : +302791360100\/\">+302713601700<\/a><\/li>\n\n\n\n<li><strong>H\u00f4pital de Tripoli<\/strong> <a href=\"\/fr\/t\u00e9l\u00e9phone : +30273601700\/\">+30273601700<\/a><\/li>\n\n\n\n<li><strong>\u03a6\u03b1\u03c1\u03bc\u03b1\u03ba\u03b5\u03af\u03bf:<\/strong> <a href=\"\/fr\/t\u00e9l\u00e9phone : +302626022184\/\">+302626022184<\/a><\/li>\n<\/ul>\n\n\n\n<h3 class=\"wp-block-heading\">Taxi<\/h3>\n\n\n\n<ul class=\"wp-block-list\">\n<li><strong>Takis Katseris<\/strong> <a href=\"\/fr\/t\u00e9l\u00e9phone : +306944362746\/\">+306944362746<\/a> <\/li>\n\n\n\n<li><strong>Zapantis Dimirtis<\/strong> <a href=\"\/fr\/t\u00e9l\u00e9phone : +306937258462\/\">+306937258462<\/a> <\/li>\n\n\n\n<li><strong>Tzivas Kostas<\/strong>&nbsp;<a href=\"\/fr\/t\u00e9l\u00e9phone : +306937308300\/\">+306937308300<\/a> <\/li>\n\n\n\n<li><strong>Tzivas Vasilis<\/strong>&nbsp;&nbsp;<a href=\"\/fr\/t\u00e9l\u00e9phone : +306973204681\/\">+306973204681<\/a><\/li>\n<\/ul>\n\n\n\n<h3 class=\"wp-block-heading\">Autres&nbsp;&nbsp;<\/h3>\n\n\n\n<ul class=\"wp-block-list\">\n<li><strong>Pharmacie <\/strong><a href=\"\/fr\/t\u00e9l\u00e9phone : +302626022184\/\">+302626022184<\/a><\/li>\n\n\n\n<li><strong>Service de proximit\u00e9 - Voulkanizater<\/strong> <a href=\"\/fr\/t\u00e9l\u00e9phone : +306937089498\/\">+306937089498<\/a><\/li>\n<\/ul>\n\n\n\n<div style=\"height:20px\" aria-hidden=\"true\" class=\"wp-block-spacer\"><\/div>\n\n\n\n<h3 class=\"wp-block-heading\">Trouver la station-service la plus proche et les prix des carburants dans votre r\u00e9gion<\/h3>\n\n\n\n<p>Vous cherchez le <a href=\"http:\/\/www.fuelgr.gr\" rel=\"noopener\">station-service la plus proche<\/a>; En fonction de votre localisation, vous pouvez rapidement et facilement trouver la station-service la plus proche et v\u00e9rifier les prix actuels. Cet outil vous offre une solution pratique pour faire le meilleur choix pour votre ravitaillement, vous permettant ainsi d'\u00e9conomiser du temps et de l'argent.<\/p>\n\n\n\n<h2 class=\"wp-block-heading\">Comment se rendre \u00e0 Andritsaina<\/h2>\n\n\n\n<figure class=\"wp-block-image size-full is-resized\"><img loading=\"lazy\" decoding=\"async\" width=\"736\" height=\"745\" src=\"https:\/\/andritsaina.com\/wp-content\/uploads\/2024-12-04-23_19_48-Window-e1733347287753.jpg\" alt=\"\" class=\"wp-image-1308\" style=\"width:481px;height:auto\" srcset=\"https:\/\/andritsaina.site\/wp-content\/uploads\/2024-12-04-23_19_48-Window-e1733347287753.jpg 736w, https:\/\/andritsaina.site\/wp-content\/uploads\/2024-12-04-23_19_48-Window-e1733347287753-600x607.jpg 600w\" sizes=\"auto, (max-width: 736px) 100vw, 736px\" \/><\/figure>\n\n\n\n<style>\n  .read-more-container {\n    max-width: 100%;\n  }\n\n  .read-more-content p {\n    margin: 0 0 10px;\n    line-height: 1.6;\n    color: #333;\n  }\n\n  .read-more-btn {\n    display: inline-block;\n    margin-bottom: 20px;\n    padding: 10px 20px;\n    font-size: 14px;\n    border: 0.5px solid;\n    background-color: #ffffff;\n    border-radius: 30px;\n    cursor: pointer;\n    transition: background-color 0.3s ease;\n  }\n\n  \n\n  .hidden-text {\n    display: none;\n    margin-top: 10px;\n  }\n<\/style>\n\n<div class=\"read-more-container\">\n  <div class=\"read-more-content\">\n    <h3>De Kalamata<\/h3>\n    <ol class=\"hidden-text\">\n      <li><b>Distance<\/b>Distance \u00e0 parcourir : environ 80 km (environ 1 heure et 45 minutes de temps de conduite).<\/li>\n      <li><b>Instructions<\/b>\n        <ul>\n            <li>Partir de Kalamata et se diriger vers la route Kalamata-Megalopolis (EO7).<\/li>\n            <li>Tourner \u00e0 droite vers la route provinciale Megalopolis-Karytaina et continuer vers Karytaina.<\/li>\n            <li>Depuis Karytaina, continuer vers Andritsaina en suivant la route provinciale Leonardari-Andritsaina.<\/li>\n        <\/ul>\n    <\/li>\n    <li><b>Points de r\u00e9f\u00e9rence<\/b>Le chemin : En chemin, vous rencontrerez le paysage pittoresque de l'Arcadie, avec ses for\u00eats denses et ses pentes verdoyantes.<\/li>\n    <\/ol>\n  <\/div>\n  <button class=\"read-more-btn\">En savoir plus<\/button>\n<\/div>\n\n<script>\n  document.addEventListener(\"DOMContentLoaded\", function () {\n    const readMoreContainers = document.querySelectorAll(\".read-more-container\");\n\n    readMoreContainers.forEach(container => {\n      const button = container.querySelector(\".read-more-btn\");\n      const hiddenText = container.querySelector(\".hidden-text\");\n\n      button.addEventListener(\"click\", () => {\n        if (hiddenText.style.display === \"none\") {\n          hiddenText.style.display = \"block\";\n          button.textContent = \"Read Less\";\n        } else {\n          hiddenText.style.display = \"none\";\n          button.textContent = \"Read More\";\n        }\n      });\n    });\n  });\n<\/script>\n\n\n\n<style>\n  .read-more-container {\n    max-width: 100%;\n  }\n\n  .read-more-content p {\n    margin: 0 0 10px;\n    line-height: 1.6;\n    color: #333;\n  }\n\n  .read-more-btn {\n    display: inline-block;\n    margin-bottom: 20px;\n    padding: 10px 20px;\n    font-size: 14px;\n    border: 0.5px solid;\n    background-color: #ffffff;\n    border-radius: 30px;\n    cursor: pointer;\n    transition: background-color 0.3s ease;\n  }\n\n  \n\n  .hidden-text {\n    display: none;\n    margin-top: 10px;\n  }\n<\/style>\n\n<div class=\"read-more-container\">\n  <div class=\"read-more-content\">\n    <h3>D'Ath\u00e8nes<\/h3>\n    <ol class=\"hidden-text\">\n      <li><b>Distance<\/b>Le trajet est d'environ 260 km (environ 3,5 heures de route).<\/li>\n      <li><b>Instructions<\/b>\n        <ul>\n            <li>Partir d'Ath\u00e8nes et suivre la route nationale Ath\u00e8nes-Corinthe (A8).<\/li>\n            <li>Suivre ensuite l'Olympia Odos (A8) en direction de Tripoli.<\/li>\n            <li>Continuer en direction de Megalopolis via l'A7 et suivre les indications pour Karytaina.<\/li>\n            <li>Depuis Karytaina, continuer en direction d'Andritsaina en suivant les panneaux et la route provinciale Leontari-Andritsaina.<\/li>\n        <\/ul>\n    <\/li>\n    <li><b>Points de r\u00e9f\u00e9rence<\/b>L'itin\u00e9raire traverse de belles r\u00e9gions d'Arcadie, avec des paysages montagneux et des villages traditionnels.<\/li>\n    <\/ol>\n  <\/div>\n  <button class=\"read-more-btn\">En savoir plus<\/button>\n<\/div>\n\n<script>\n  document.addEventListener(\"DOMContentLoaded\", function () {\n    const readMoreContainers = document.querySelectorAll(\".read-more-container\");\n\n    readMoreContainers.forEach(container => {\n      const button = container.querySelector(\".read-more-btn\");\n      const hiddenText = container.querySelector(\".hidden-text\");\n\n      button.addEventListener(\"click\", () => {\n        if (hiddenText.style.display === \"none\") {\n          hiddenText.style.display = \"block\";\n          button.textContent = \"Read Less\";\n        } else {\n          hiddenText.style.display = \"none\";\n          button.textContent = \"Read More\";\n        }\n      });\n    });\n  });\n<\/script>\n\n\n\n<style>\n  .read-more-container {\n    max-width: 100%;\n  }\n\n  .read-more-content p {\n    margin: 0 0 10px;\n    line-height: 1.6;\n    color: #333;\n  }\n\n  .read-more-btn {\n    display: inline-block;\n    margin-bottom: 20px;\n    padding: 10px 20px;\n    font-size: 14px;\n    border: 0.5px solid;\n    background-color: #ffffff;\n    border-radius: 30px;\n    cursor: pointer;\n    transition: background-color 0.3s ease;\n  }\n\n  \n\n  .hidden-text {\n    display: none;\n    margin-top: 10px;\n  }\n<\/style>\n\n<div class=\"read-more-container\">\n  <div class=\"read-more-content\">\n    <h3>De Patras<\/h3>\n    <ol class=\"hidden-text\">\n      <li><b>Distance<\/b>Le trajet est d'environ 140 km (environ 2 heures et 15 minutes de route).<\/li>\n      <li><b>Instructions<\/b>\n        <ul>\n            <li>D\u00e9part de Patras en suivant l'Olympia Odos (A8) en direction de Pyrgos.<\/li>\n            <li>Une fois arriv\u00e9 \u00e0 Pyrgos, suivez la direction de Krestena via l'EO Pyrgos-Krestena.<\/li>\n            <li>Ensuite, \u00e0 partir de Krestena, suivre la route provinciale Krestenon-Andritsaina qui m\u00e8ne directement \u00e0 Andritsaina.<\/li>\n        <\/ul>\n    <\/li>\n    <li><b>Points de r\u00e9f\u00e9rence<\/b>Visite : Vous traverserez la belle plaine d'Ilia, avec plusieurs occasions de voir des paysages de la campagne grecque.<\/li>\n    <\/ol>\n  <\/div>\n  <button class=\"read-more-btn\">En savoir plus<\/button>\n<\/div>\n\n<script>\n  document.addEventListener(\"DOMContentLoaded\", function () {\n    const readMoreContainers = document.querySelectorAll(\".read-more-container\");\n\n    readMoreContainers.forEach(container => {\n      const button = container.querySelector(\".read-more-btn\");\n      const hiddenText = container.querySelector(\".hidden-text\");\n\n      button.addEventListener(\"click\", () => {\n        if (hiddenText.style.display === \"none\") {\n          hiddenText.style.display = \"block\";\n          button.textContent = \"Read Less\";\n        } else {\n          hiddenText.style.display = \"none\";\n          button.textContent = \"Read More\";\n        }\n      });\n    });\n  });\n<\/script>\n\n\n\n<h2 class=\"wp-block-heading\" id=\"link-festivals\">\u00c9v\u00e9nements et incidents<\/h2>\n\n\n\n<figure class=\"wp-block-image size-full is-resized\"><img loading=\"lazy\" decoding=\"async\" width=\"886\" height=\"520\" src=\"https:\/\/andritsaina.com\/wp-content\/uploads\/4E026746-67B3-4837-BDD4-7BEF2CCFA2CC-e1736098714610.webp\" alt=\"\" class=\"wp-image-1101\" style=\"width:710px;height:auto\" srcset=\"https:\/\/andritsaina.site\/wp-content\/uploads\/4E026746-67B3-4837-BDD4-7BEF2CCFA2CC-e1736098714610.webp 886w, https:\/\/andritsaina.site\/wp-content\/uploads\/4E026746-67B3-4837-BDD4-7BEF2CCFA2CC-e1736098714610-768x451.webp 768w, https:\/\/andritsaina.site\/wp-content\/uploads\/4E026746-67B3-4837-BDD4-7BEF2CCFA2CC-e1736098714610-600x352.webp 600w\" sizes=\"auto, (max-width: 886px) 100vw, 886px\" \/><\/figure>\n\n\n\n<p>Pour en savoir plus sur les <strong>\u00e9v\u00e9nements, festivals, concerts, happenings, et plus encore<\/strong>Veuillez consulter le site web de <a href=\"https:\/\/www.andritsainas-krestenon.gov.gr\/draseis-kai-ekdiloseis\" rel=\"noopener\">municipalit\u00e9<\/a>.<\/p>\n\n\n\n<h2 class=\"wp-block-heading\"><strong>5 conseils utiles avant de visiter Andritsaina<\/strong><\/h2>\n\n\n\n<ol class=\"wp-block-list\">\n<li><strong>S'habiller pour l'occasion (et la saison)<\/strong><br>Le climat d'Andritsaina a du caract\u00e8re ! En \u00e9t\u00e9, n'oubliez pas votre maillot de bain et votre serviette pour des plong\u00e9es spontan\u00e9es dans les rivi\u00e8res et les cascades. En hiver, prenez des v\u00eatements chauds - le froid de la montagne ne vous \u00e9pargne pas. Un point suppl\u00e9mentaire si vous r\u00e9ussissez \u00e0 \u00eatre \u00e0 la fois confortable et \u00e9l\u00e9gant.<\/li>\n\n\n\n<li><strong>L'hydratation est essentielle<\/strong><br>Apportez une gourde, car les sources naturelles sont comme un spa gratuit offert par la nature - de l'eau fra\u00eeche, propre et d\u00e9licieuse. De plus, vous pourrez vous vanter d'avoir go\u00fbt\u00e9 de l'eau provenant directement de la montagne.<\/li>\n\n\n\n<li><strong>Une cam\u00e9ra pour le th\u00e9\u00e2tre<br><\/strong>Chaque coin d'Andritsaina ressemble \u00e0 une carte postale : ruelles en pierre, arbres s\u00e9culaires, vues panoramiques... Votre t\u00e9l\u00e9phone portable ne suffira peut-\u00eatre pas. Apportez un bon appareil photo, ou assurez-vous au moins d'avoir de l'espace libre dans la m\u00e9moire de votre t\u00e9l\u00e9phone portable.<\/li>\n\n\n\n<li><strong>Les baskets sont \u00e0 sens unique<br><\/strong>Rues pav\u00e9es, sentiers forestiers, sites arch\u00e9ologiques... vos pieds seront mis \u00e0 rude \u00e9preuve. Oubliez les sandales et les talons - vos chevilles vous remercieront. Nous vous le disons en toute confiance : des baskets ou des chaussures de randonn\u00e9e confortables sont votre nouveau compagnon de route.<\/li>\n\n\n\n<li><strong>Imperm\u00e9able \u00e0 l'eau pour toujours<br><\/strong>M\u00eame si vous \u00eates parti avec le soleil, le temps en montagne aime les surprises. Une veste imperm\u00e9able l\u00e9g\u00e8re vous prot\u00e8gera d'une pluie inattendue et sauvera votre moral. En outre, elle sert \u00e9galement de protection contre le vent en altitude.<\/li>\n<\/ol>\n\n\n\n<p><strong>Conseil suppl\u00e9mentaire : Faites vos valises, voyagez l\u00e9ger et pr\u00e9parez-vous \u00e0 ce qu'Andritsaina vous vole votre c\u0153ur - et probablement un peu d'espace sur votre t\u00e9l\u00e9phone pour les innombrables photos !<\/strong><\/p>\n\n\n\n<h2 class=\"wp-block-heading\">Informations utiles pour vos achats<\/h2>\n\n\n\n<figure class=\"wp-block-image size-full is-resized\"><img loading=\"lazy\" decoding=\"async\" width=\"930\" height=\"465\" src=\"https:\/\/andritsaina.com\/wp-content\/uploads\/LAIKI_AGORA.jpg\" alt=\"\" class=\"wp-image-2627\" style=\"width:551px;height:auto\" srcset=\"https:\/\/andritsaina.site\/wp-content\/uploads\/LAIKI_AGORA.jpg 930w, https:\/\/andritsaina.site\/wp-content\/uploads\/LAIKI_AGORA-768x384.jpg 768w, https:\/\/andritsaina.site\/wp-content\/uploads\/LAIKI_AGORA-18x9.jpg 18w, https:\/\/andritsaina.site\/wp-content\/uploads\/LAIKI_AGORA-600x300.jpg 600w\" sizes=\"auto, (max-width: 930px) 100vw, 930px\" \/><\/figure>\n\n\n\n<p>Pendant votre s\u00e9jour dans la belle Andritsaina, pour vos besoins quotidiens, nous vous sugg\u00e9rons de visiter le petit mais accueillant supermarch\u00e9 de Vassilis. Vous y trouverez tout ce dont vous avez besoin pour rendre votre s\u00e9jour plus confortable et plus agr\u00e9able !<\/p>\n\n\n\n<p>Si vous souhaitez d'autres options, nous vous recommandons les suivantes :<\/p>\n\n\n\n<ul class=\"wp-block-list\">\n<li><strong>Tous les jeudis<\/strong>\u00c0 Krestena (\u00e0 seulement 25 km d'Andritsaina), il y a un bazar traditionnel plein de vie, auquel participent les producteurs locaux. Vous y d\u00e9couvrirez des fruits et l\u00e9gumes frais, ainsi que de nombreux magasins qui r\u00e9pondront \u00e0 tous vos besoins.<\/li>\n\n\n\n<li><strong>Tous les vendredis<\/strong>A Megalopolis (30 km), un autre bazar vous attend, d\u00e9bordant de produits de qualit\u00e9 et d'une atmosph\u00e8re locale authentique. En plus de vos achats, vous trouverez \u00e9galement de nombreux choix dans les boutiques locales.<\/li>\n<\/ul>\n\n\n\n<p>Et si vous aimez les produits frais en provenance directe des producteurs,&nbsp;<strong>tous les vendredis<\/strong>Sur la place d'Andritsaina, quelques excellents producteurs locaux proposent de d\u00e9licieux fruits et l\u00e9gumes provenant directement de leurs jardins. C'est l'occasion id\u00e9ale de go\u00fbter \u00e0 l'authenticit\u00e9 locale et de soutenir les habitants de notre r\u00e9gion !<\/p>\n\n\n\n<h2 class=\"wp-block-heading\">Merci \u00e0<\/h2>\n\n\n\n<p>-(Nous remercions ici les personnes qui nous ont fourni des photos)<\/p>\n\n\n\n<p><\/p>","protected":false},"excerpt":{"rendered":"<p>\u03a7\u03c1\u03ae\u03c3\u03b9\u03bc\u03b5\u03c2 \u03a0\u03bb\u03b7\u03c1\u03bf\u03c6\u03bf\u03c1\u03af\u03b5\u03c2 \u03b3\u03b9\u03b1 \u03c4\u03b7\u03bd \u0391\u03bd\u03b4\u03c1\u03af\u03c4\u03c3\u03b1\u03b9\u03bd\u03b1 \u0391\u03bd \u03b5\u03c0\u03b9\u03c3\u03ba\u03ad\u03c0\u03c4\u03b5\u03c3\u03c4\u03b5 \u03c4\u03b7\u03bd \u0391\u03bd\u03b4\u03c1\u03af\u03c4\u03c3\u03b1\u03b9\u03bd\u03b1 \u03ae \u03b2\u03c1\u03af\u03c3\u03ba\u03b5\u03c3\u03c4\u03b5 \u03c3\u03c4\u03b7\u03bd \u03c0\u03b5\u03c1\u03b9\u03bf\u03c7\u03ae, \u03b5\u03b4\u03ce \u03b8\u03b1 \u03b2\u03c1\u03b5\u03af\u03c4\u03b5 \u03c3\u03b7\u03bc\u03b1\u03bd\u03c4\u03b9\u03ba\u03ac \u03c4\u03b7\u03bb\u03ad\u03c6\u03c9\u03bd\u03b1 \u03ba\u03b1\u03b9 \u03c5\u03c0\u03b7\u03c1\u03b5\u03c3\u03af\u03b5\u03c2 \u03c0\u03bf\u03c5 \u03bc\u03c0\u03bf\u03c1\u03b5\u03af \u03bd\u03b1 \u03c3\u03b1\u03c2 \u03c6\u03b1\u03bd\u03bf\u03cd\u03bd \u03c7\u03c1\u03ae\u03c3\u03b9\u03bc\u03b1 \u03ba\u03b1\u03c4\u03ac \u03c4\u03b7 \u03b4\u03b9\u03ac\u03c1\u03ba\u03b5\u03b9\u03b1 \u03c4\u03b7\u03c2 \u03c0\u03b1\u03c1\u03b1\u03bc\u03bf\u03bd\u03ae\u03c2 \u03c3\u03b1\u03c2. \u03a4\u03b7\u03bb\u03ad\u03c6\u03c9\u03bd\u03b1 \u03ba\u03b1\u03b9 \u03c5\u03c0\u03b7\u03c1\u03b5\u03c3\u03af\u03b5\u03c2 \u03b3\u03b9\u03b1 \u0391\u03bd\u03b4\u03c1\u03af\u03c4\u03c3\u03b1\u03b9\u03bd\u03b1 \u0395\u03c0\u03b5\u03af\u03b3\u03bf\u03bd\u03c4\u03b1 Taxi \u039b\u03bf\u03b9\u03c0\u03ac&nbsp;&nbsp; \u0392\u03c1\u03b5\u03af\u03c4\u03b5 \u03c4\u03bf \u03a0\u03bb\u03b7\u03c3\u03b9\u03ad\u03c3\u03c4\u03b5\u03c1\u03bf \u0392\u03b5\u03bd\u03b6\u03b9\u03bd\u03ac\u03b4\u03b9\u03ba\u03bf \u03ba\u03b1\u03b9 \u03c4\u03b9\u03c2 \u03a4\u03b9\u03bc\u03ad\u03c2 \u039a\u03b1\u03c5\u03c3\u03af\u03bc\u03c9\u03bd \u03c3\u03c4\u03b7\u03bd \u03a0\u03b5\u03c1\u03b9\u03bf\u03c7\u03ae \u03a3\u03b1\u03c2 \u0391\u03bd\u03b1\u03b6\u03b7\u03c4\u03ac\u03c4\u03b5 \u03c4\u03bf \u03ba\u03bf\u03bd\u03c4\u03b9\u03bd\u03cc\u03c4\u03b5\u03c1\u03bf \u03b2\u03b5\u03bd\u03b6\u03b9\u03bd\u03ac\u03b4\u03b9\u03ba\u03bf; [&hellip;]<\/p>\n","protected":false},"author":6,"featured_media":0,"parent":0,"menu_order":0,"comment_status":"closed","ping_status":"closed","template":"","meta":{"_acf_changed":false,"footnotes":""},"class_list":["post-92","page","type-page","status-publish","hentry"],"acf":[],"_links":{"self":[{"href":"https:\/\/andritsaina.site\/fr\/wp-json\/wp\/v2\/pages\/92","targetHints":{"allow":["GET"]}}],"collection":[{"href":"https:\/\/andritsaina.site\/fr\/wp-json\/wp\/v2\/pages"}],"about":[{"href":"https:\/\/andritsaina.site\/fr\/wp-json\/wp\/v2\/types\/page"}],"author":[{"embeddable":true,"href":"https:\/\/andritsaina.site\/fr\/wp-json\/wp\/v2\/users\/6"}],"replies":[{"embeddable":true,"href":"https:\/\/andritsaina.site\/fr\/wp-json\/wp\/v2\/comments?post=92"}],"version-history":[{"count":10,"href":"https:\/\/andritsaina.site\/fr\/wp-json\/wp\/v2\/pages\/92\/revisions"}],"predecessor-version":[{"id":3524,"href":"https:\/\/andritsaina.site\/fr\/wp-json\/wp\/v2\/pages\/92\/revisions\/3524"}],"wp:attachment":[{"href":"https:\/\/andritsaina.site\/fr\/wp-json\/wp\/v2\/media?parent=92"}],"curies":[{"name":"wp","href":"https:\/\/api.w.org\/{rel}","templated":true}]}}