{"id":77,"date":"2024-10-03T22:28:07","date_gmt":"2024-10-03T19:28:07","guid":{"rendered":"https:\/\/andritsaina.local\/?page_id=77"},"modified":"2025-01-31T00:06:27","modified_gmt":"2025-01-30T22:06:27","slug":"conditions-dutilisation","status":"publish","type":"page","link":"https:\/\/andritsaina.site\/fr\/terms-of-use\/","title":{"rendered":"Conditions d'utilisation"},"content":{"rendered":"<h2 class=\"wp-block-heading\">Acceptation des conditions<\/h2>\n\n\n\n<p>En acc\u00e9dant et en utilisant ce site Web (andritsaina.site), vous acceptez d&#039;\u00eatre li\u00e9 par les pr\u00e9sentes conditions d&#039;utilisation et par toutes les lois et r\u00e9glementations applicables. Si vous n&#039;\u00eates pas d&#039;accord avec une partie de ces conditions, vous ne devez pas utiliser le site Web.<\/p>\n\n\n\n<h2 class=\"wp-block-heading\">Droits de propri\u00e9t\u00e9 intellectuelle<\/h2>\n\n\n\n<p>Le contenu disponible sur ce site andritsaina.site, y compris les textes, images, graphiques, vid\u00e9os et plus encore (le \u00ab Contenu \u00bb), est prot\u00e9g\u00e9 par le droit d&#039;auteur et d&#039;autres lois sur la propri\u00e9t\u00e9 intellectuelle. Tous droits r\u00e9serv\u00e9s sauf indication contraire expresse.<\/p>\n\n\n\n<ul class=\"wp-block-list\">\n<li>Vous pouvez consulter et utiliser le contenu uniquement \u00e0 des fins personnelles et non commerciales.<\/li>\n\n\n\n<li>Toute reproduction, redistribution ou utilisation du contenu \u00e0 des fins commerciales ou dans des \u0153uvres d\u00e9riv\u00e9es sans notre autorisation \u00e9crite pr\u00e9alable est strictement interdite.<\/li>\n\n\n\n<li>L&#039;utilisation du contenu sur d&#039;autres sites Web, produits ou publications sans autorisation expresse constitue une violation des pr\u00e9sentes conditions et peut entra\u00eener des poursuites judiciaires.<\/li>\n<\/ul>\n\n\n\n<h2 class=\"wp-block-heading\">Obligations de l&#039;utilisateur<\/h2>\n\n\n\n<p>En utilisant le site andritsaina.site, vous vous engagez \u00e0 ne pas :<\/p>\n\n\n\n<ul class=\"wp-block-list\">\n<li>Vous utilisez le site Web d&#039;une mani\u00e8re qui perturbe, endommage ou d\u00e9grade son fonctionnement ou sa disponibilit\u00e9.<\/li>\n\n\n\n<li>Tenter d&#039;obtenir un acc\u00e8s non autoris\u00e9 au site Web, \u00e0 son serveur ou \u00e0 ses bases de donn\u00e9es.<\/li>\n\n\n\n<li>S&#039;engager dans toute activit\u00e9 qui viole les lois applicables ou viole les droits d&#039;autrui.<\/li>\n<\/ul>\n\n\n\n<h2 class=\"wp-block-heading\">Liens tiers<\/h2>\n\n\n\n<p>andritsaina.site peut contenir des liens vers des sites Web ou des services externes de tiers, notamment des vid\u00e9os YouTube. Ces liens sont fournis pour votre commodit\u00e9 et \u00e0 des fins d\u2019information. Nous n&#039;approuvons, ne contr\u00f4lons pas et ne sommes pas responsables du contenu, des politiques de confidentialit\u00e9 ou des pratiques des sites Web tiers.<\/p>\n\n\n\n<h2 class=\"wp-block-heading\">Exclusion de garanties<\/h2>\n\n\n\n<p>andritsaina.site et son contenu sont fournis \u00ab tels quels \u00bb et \u00ab selon disponibilit\u00e9 \u00bb. Nous ne faisons aucune d\u00e9claration ou garantie d&#039;aucune sorte, expresse ou implicite, quant \u00e0\u00a0:<\/p>\n\n\n\n<ul class=\"wp-block-list\">\n<li>L&#039;exactitude, l&#039;exhaustivit\u00e9 ou la fiabilit\u00e9 du Contenu.<\/li>\n\n\n\n<li>Le fonctionnement ininterrompu ou sans erreur du site Web.<\/li>\n\n\n\n<li>Dans toute la mesure permise par la loi, nous d\u00e9clinons toute garantie, y compris, mais sans s&#039;y limiter, les garanties implicites de qualit\u00e9 marchande, d&#039;ad\u00e9quation \u00e0 un usage particulier et de non-contrefa\u00e7on.<\/li>\n<\/ul>\n\n\n\n<h2 class=\"wp-block-heading\">Limitation de responsabilit\u00e9<\/h2>\n\n\n\n<p>En aucun cas, nous ne serons responsables des dommages directs, indirects, accessoires, sp\u00e9ciaux ou cons\u00e9cutifs d\u00e9coulant de l&#039;utilisation ou de l&#039;impossibilit\u00e9 d&#039;utiliser andritsaina.site, m\u00eame si nous avons \u00e9t\u00e9 inform\u00e9s de la possibilit\u00e9 de tels dommages.<\/p>\n\n\n\n<h2 class=\"wp-block-heading\">Modifications des conditions<\/h2>\n\n\n\n<p>Nous nous r\u00e9servons le droit de modifier les pr\u00e9sentes Conditions d&#039;utilisation \u00e0 tout moment et sans pr\u00e9avis. En continuant \u00e0 utiliser andritsaina.site apr\u00e8s que des modifications aient \u00e9t\u00e9 apport\u00e9es, vous acceptez d&#039;\u00eatre li\u00e9 par les conditions mises \u00e0 jour. Il est de votre responsabilit\u00e9 de consulter p\u00e9riodiquement ces conditions.<\/p>\n\n\n\n<h2 class=\"wp-block-heading\">Droit applicable<\/h2>\n\n\n\n<p>Les pr\u00e9sentes conditions d&#039;utilisation seront r\u00e9gies et interpr\u00e9t\u00e9es conform\u00e9ment aux lois de la Gr\u00e8ce, sans \u00e9gard \u00e0 ses principes de conflit de lois.<\/p>\n\n\n\n<h2 class=\"wp-block-heading\">Contactez-nous<\/h2>\n\n\n\n<p>Pour des questions ou des pr\u00e9occupations concernant ces conditions, veuillez <a href=\"\/fr\/contact\/\">Contactez-nous.<\/a><\/p>","protected":false},"excerpt":{"rendered":"<p>\u0391\u03c0\u03bf\u03b4\u03bf\u03c7\u03ae \u03c4\u03c9\u03bd \u03cc\u03c1\u03c9\u03bd \u039c\u03b5 \u03c4\u03b7\u03bd \u03c0\u03c1\u03cc\u03c3\u03b2\u03b1\u03c3\u03b7 \u03ba\u03b1\u03b9 \u03c4\u03b7 \u03c7\u03c1\u03ae\u03c3\u03b7 \u03b1\u03c5\u03c4\u03bf\u03cd \u03c4\u03bf\u03c5 \u03b4\u03b9\u03ba\u03c4\u03c5\u03b1\u03ba\u03bf\u03cd \u03c4\u03cc\u03c0\u03bf\u03c5 (andritsaina.site), \u03c3\u03c5\u03bc\u03c6\u03c9\u03bd\u03b5\u03af\u03c4\u03b5 \u03bd\u03b1 \u03b4\u03b5\u03c3\u03bc\u03b5\u03cd\u03b5\u03c3\u03c4\u03b5 \u03b1\u03c0\u03cc \u03c4\u03bf\u03c5\u03c2 \u03c0\u03b1\u03c1\u03cc\u03bd\u03c4\u03b5\u03c2 \u038c\u03c1\u03bf\u03c5\u03c2 \u03a7\u03c1\u03ae\u03c3\u03b7\u03c2 \u03ba\u03b1\u03b9 \u03cc\u03bb\u03bf\u03c5\u03c2 \u03c4\u03bf\u03c5\u03c2 \u03b9\u03c3\u03c7\u03cd\u03bf\u03bd\u03c4\u03b5\u03c2 \u03bd\u03cc\u03bc\u03bf\u03c5\u03c2 \u03ba\u03b1\u03b9 \u03ba\u03b1\u03bd\u03bf\u03bd\u03b9\u03c3\u03bc\u03bf\u03cd\u03c2. \u0395\u03ac\u03bd \u03b4\u03b5\u03bd \u03c3\u03c5\u03bc\u03c6\u03c9\u03bd\u03b5\u03af\u03c4\u03b5 \u03bc\u03b5 \u03bf\u03c0\u03bf\u03b9\u03bf\u03b4\u03ae\u03c0\u03bf\u03c4\u03b5 \u03bc\u03ad\u03c1\u03bf\u03c2 \u03c4\u03c9\u03bd \u03c0\u03b1\u03c1\u03cc\u03bd\u03c4\u03c9\u03bd \u03cc\u03c1\u03c9\u03bd, \u03b4\u03b5\u03bd \u03c0\u03c1\u03ad\u03c0\u03b5\u03b9 \u03bd\u03b1 \u03c7\u03c1\u03b7\u03c3\u03b9\u03bc\u03bf\u03c0\u03bf\u03b9\u03ae\u03c3\u03b5\u03c4\u03b5 \u03c4\u03bf\u03bd \u03b9\u03c3\u03c4\u03cc\u03c4\u03bf\u03c0\u03bf. \u0394\u03b9\u03ba\u03b1\u03b9\u03ce\u03bc\u03b1\u03c4\u03b1 \u03c0\u03bd\u03b5\u03c5\u03bc\u03b1\u03c4\u03b9\u03ba\u03ae\u03c2 \u03b9\u03b4\u03b9\u03bf\u03ba\u03c4\u03b7\u03c3\u03af\u03b1\u03c2 \u03a4\u03bf \u03c0\u03b5\u03c1\u03b9\u03b5\u03c7\u03cc\u03bc\u03b5\u03bd\u03bf \u03c0\u03bf\u03c5 \u03b5\u03af\u03bd\u03b1\u03b9 \u03b4\u03b9\u03b1\u03b8\u03ad\u03c3\u03b9\u03bc\u03bf \u03c3\u03b5 \u03b1\u03c5\u03c4\u03cc\u03bd \u03c4\u03bf\u03bd [&hellip;]<\/p>\n","protected":false},"author":6,"featured_media":0,"parent":0,"menu_order":0,"comment_status":"closed","ping_status":"closed","template":"","meta":{"_acf_changed":false,"footnotes":""},"class_list":["post-77","page","type-page","status-publish","hentry"],"acf":[],"_links":{"self":[{"href":"https:\/\/andritsaina.site\/fr\/wp-json\/wp\/v2\/pages\/77","targetHints":{"allow":["GET"]}}],"collection":[{"href":"https:\/\/andritsaina.site\/fr\/wp-json\/wp\/v2\/pages"}],"about":[{"href":"https:\/\/andritsaina.site\/fr\/wp-json\/wp\/v2\/types\/page"}],"author":[{"embeddable":true,"href":"https:\/\/andritsaina.site\/fr\/wp-json\/wp\/v2\/users\/6"}],"replies":[{"embeddable":true,"href":"https:\/\/andritsaina.site\/fr\/wp-json\/wp\/v2\/comments?post=77"}],"version-history":[{"count":9,"href":"https:\/\/andritsaina.site\/fr\/wp-json\/wp\/v2\/pages\/77\/revisions"}],"predecessor-version":[{"id":2830,"href":"https:\/\/andritsaina.site\/fr\/wp-json\/wp\/v2\/pages\/77\/revisions\/2830"}],"wp:attachment":[{"href":"https:\/\/andritsaina.site\/fr\/wp-json\/wp\/v2\/media?parent=77"}],"curies":[{"name":"wp","href":"https:\/\/api.w.org\/{rel}","templated":true}]}}