{"id":23,"date":"2024-01-11T18:30:11","date_gmt":"2024-01-11T16:30:11","guid":{"rendered":"http:\/\/andritsaina.local\/?page_id=23"},"modified":"2025-06-06T21:02:09","modified_gmt":"2025-06-06T18:02:09","slug":"politique-de-confidentialite","status":"publish","type":"page","link":"https:\/\/andritsaina.site\/fr\/privacy-policy\/","title":{"rendered":"Politique de confidentialit\u00e9"},"content":{"rendered":"<h2 class=\"wp-block-heading\">Importer<\/h2>\n\n\n\n<p>Cette politique de cookies explique comment nous utilisons les cookies et technologies similaires lorsque vous visitez notre site Web andritsaina.site. En utilisant notre site Web, vous acceptez l&#039;utilisation de cookies comme d\u00e9crit dans cette politique.<\/p>\n\n\n\n<h2 class=\"wp-block-heading\">Que sont les cookies ?<\/h2>\n\n\n\n<p>Les cookies sont de petits fichiers texte stock\u00e9s sur votre appareil lorsque vous visitez un site Web. Ils sont largement utilis\u00e9s pour am\u00e9liorer l\u2019exp\u00e9rience utilisateur et fournir des fonctionnalit\u00e9s de site Web.<\/p>\n\n\n\n<h2 class=\"wp-block-heading\">Types de cookies que nous utilisons<\/h2>\n\n\n\n<p>Nous utilisons les types de cookies suivants sur notre site Web :<\/p>\n\n\n\n<ol class=\"wp-block-list\">\n<li><\/li>\n<\/ol>\n\n\n\n<ul class=\"wp-block-list\">\n<li>Cookies n\u00e9cessaires : Ceux-ci sont n\u00e9cessaires au fonctionnement de notre site Internet et ne peuvent pas \u00eatre d\u00e9sactiv\u00e9s.<\/li>\n\n\n\n<li>Cookies d&#039;analyse\u00a0: ces cookies nous aident \u00e0 comprendre comment les visiteurs interagissent avec notre site Web en collectant des donn\u00e9es anonymes telles que les pages consult\u00e9es et le temps pass\u00e9 sur le site Web. (par exemple Google Analytics).<\/li>\n\n\n\n<li>Cookies de contenu int\u00e9gr\u00e9 : Il s&#039;agit de cookies tiers d\u00e9finis par des services tels que YouTube lorsque des vid\u00e9os sont int\u00e9gr\u00e9es sur notre site Web.<\/li>\n<\/ul>\n\n\n\n<h2 class=\"wp-block-heading\">Comment nous utilisons les cookies<\/h2>\n\n\n\n<p>Nous utilisons des cookies pour\u00a0:<\/p>\n\n\n\n<ol class=\"wp-block-list\">\n<li><\/li>\n<\/ol>\n\n\n\n<ul class=\"wp-block-list\">\n<li>Comprendre comment notre site Web est utilis\u00e9 pour am\u00e9liorer ses performances.<\/li>\n\n\n\n<li>Pour offrir une exp\u00e9rience de navigation fluide.<\/li>\n\n\n\n<li>Vous permet de lire des vid\u00e9os int\u00e9gr\u00e9es h\u00e9berg\u00e9es sur des plateformes tierces telles que YouTube.<\/li>\n<\/ul>\n\n\n\n<h2 class=\"wp-block-heading\">Gestion des cookies<\/h2>\n\n\n\n<p>Vous pouvez g\u00e9rer vos pr\u00e9f\u00e9rences en mati\u00e8re de cookies en ajustant les param\u00e8tres de votre navigateur. Veuillez noter que la d\u00e9sactivation des cookies peut affecter la fonctionnalit\u00e9 de certaines fonctionnalit\u00e9s de notre site Web.<br>Pour obtenir des instructions sur la fa\u00e7on de contr\u00f4ler les cookies, visitez le site Web\u00a0:<\/p>\n\n\n\n<ol class=\"wp-block-list\">\n<li><\/li>\n<\/ol>\n\n\n\n<ul class=\"wp-block-list\">\n<li><a href=\"https:\/\/support.google.com\/chrome\/answer\/95647?hl=en&amp;co=GENIE.Platform%3DDesktop\" rel=\"noopener\">Google Chrome<\/a><\/li>\n\n\n\n<li><a href=\"https:\/\/support.mozilla.org\/el\/kb\/apaloifh-cookie-kai-dedomenwn-istotopwn-firefox\" rel=\"noopener\">Mozilla Firefox<\/a><\/li>\n\n\n\n<li><a href=\"https:\/\/support.microsoft.com\/en-us\/microsoft-edge\/view-cookies-in-microsoft-edge-a7d95376-f2cd-8e4a-25dc-1de753474879\" rel=\"noopener\">Microsoft Bord<\/a><\/li>\n<\/ul>\n\n\n\n<h2 class=\"wp-block-heading\">Cookies tiers<\/h2>\n\n\n\n<p>Certaines fonctionnalit\u00e9s de notre site Web d\u00e9pendent de services externes, tels que YouTube pour le contenu vid\u00e9o. Ces services peuvent d\u00e9finir leurs cookies lorsque vous interagissez avec leurs fonctionnalit\u00e9s. Nous vous encourageons \u00e0 lire leurs politiques de confidentialit\u00e9.<\/p>\n\n\n\n<h2 class=\"wp-block-heading\">Modifications de cette politique de cookies<\/h2>\n\n\n\n<p>Nous pouvons p\u00e9riodiquement mettre \u00e0 jour cette politique en mati\u00e8re de cookies pour refl\u00e9ter des changements dans nos pratiques ou pour d&#039;autres raisons op\u00e9rationnelles, juridiques ou r\u00e9glementaires. Nous vous encourageons \u00e0 consulter r\u00e9guli\u00e8rement cette page pour obtenir les derni\u00e8res informations.<\/p>\n\n\n\n<h2 class=\"wp-block-heading\">Contactez-nous<\/h2>\n\n\n\n<p>Si vous avez des questions ou des pr\u00e9occupations concernant cette politique en mati\u00e8re de cookies, veuillez <a href=\"\/fr\/contact\/\">Contactez-nous<\/a>.<\/p>\n\n\n\n<p>Nous nous engageons \u00e0 \u00eatre transparents sur notre utilisation des cookies et \u00e0 garantir que votre vie priv\u00e9e soit respect\u00e9e lorsque vous naviguez sur notre site Internet.<\/p>","protected":false},"excerpt":{"rendered":"<p>\u0395\u03b9\u03c3\u03b1\u03b3\u03c9\u03b3\u03ae \u0391\u03c5\u03c4\u03ae \u03b7 \u03a0\u03bf\u03bb\u03b9\u03c4\u03b9\u03ba\u03ae Cookies \u03b5\u03be\u03b7\u03b3\u03b5\u03af \u03c0\u03ce\u03c2 \u03c7\u03c1\u03b7\u03c3\u03b9\u03bc\u03bf\u03c0\u03bf\u03b9\u03bf\u03cd\u03bc\u03b5 cookies \u03ba\u03b1\u03b9 \u03c0\u03b1\u03c1\u03cc\u03bc\u03bf\u03b9\u03b5\u03c2 \u03c4\u03b5\u03c7\u03bd\u03bf\u03bb\u03bf\u03b3\u03af\u03b5\u03c2 \u03cc\u03c4\u03b1\u03bd \u03b5\u03c0\u03b9\u03c3\u03ba\u03ad\u03c0\u03c4\u03b5\u03c3\u03c4\u03b5 \u03c4\u03b7\u03bd \u03b9\u03c3\u03c4\u03bf\u03c3\u03b5\u03bb\u03af\u03b4\u03b1 \u03bc\u03b1\u03c2 andritsaina.site . \u03a7\u03c1\u03b7\u03c3\u03b9\u03bc\u03bf\u03c0\u03bf\u03b9\u03ce\u03bd\u03c4\u03b1\u03c2 \u03c4\u03b7\u03bd \u03b9\u03c3\u03c4\u03bf\u03c3\u03b5\u03bb\u03af\u03b4\u03b1 \u03bc\u03b1\u03c2, \u03c3\u03c5\u03bc\u03c6\u03c9\u03bd\u03b5\u03af\u03c4\u03b5 \u03bc\u03b5 \u03c4\u03b7 \u03c7\u03c1\u03ae\u03c3\u03b7 \u03c4\u03c9\u03bd cookies \u03cc\u03c0\u03c9\u03c2 \u03c0\u03b5\u03c1\u03b9\u03b3\u03c1\u03ac\u03c6\u03b5\u03c4\u03b1\u03b9 \u03c3\u03c4\u03b7\u03bd \u03c0\u03b1\u03c1\u03bf\u03cd\u03c3\u03b1 \u03c0\u03bf\u03bb\u03b9\u03c4\u03b9\u03ba\u03ae. \u03a4\u03b9 \u03b5\u03af\u03bd\u03b1\u03b9 \u03c4\u03b1 cookies; \u03a4\u03b1 cookies \u03b5\u03af\u03bd\u03b1\u03b9 \u03bc\u03b9\u03ba\u03c1\u03ac \u03b1\u03c1\u03c7\u03b5\u03af\u03b1 \u03ba\u03b5\u03b9\u03bc\u03ad\u03bd\u03bf\u03c5 \u03c0\u03bf\u03c5 \u03b1\u03c0\u03bf\u03b8\u03b7\u03ba\u03b5\u03cd\u03bf\u03bd\u03c4\u03b1\u03b9 \u03c3\u03c4\u03b7 \u03c3\u03c5\u03c3\u03ba\u03b5\u03c5\u03ae \u03c3\u03b1\u03c2 \u03cc\u03c4\u03b1\u03bd \u03b5\u03c0\u03b9\u03c3\u03ba\u03ad\u03c0\u03c4\u03b5\u03c3\u03c4\u03b5 \u03ad\u03bd\u03b1\u03bd \u03b9\u03c3\u03c4\u03cc\u03c4\u03bf\u03c0\u03bf. \u03a7\u03c1\u03b7\u03c3\u03b9\u03bc\u03bf\u03c0\u03bf\u03b9\u03bf\u03cd\u03bd\u03c4\u03b1\u03b9 \u03b5\u03c5\u03c1\u03ad\u03c9\u03c2 [&hellip;]<\/p>\n","protected":false},"author":6,"featured_media":0,"parent":0,"menu_order":0,"comment_status":"closed","ping_status":"closed","template":"","meta":{"_acf_changed":false,"footnotes":""},"class_list":["post-23","page","type-page","status-publish","hentry"],"acf":[],"_links":{"self":[{"href":"https:\/\/andritsaina.site\/fr\/wp-json\/wp\/v2\/pages\/23","targetHints":{"allow":["GET"]}}],"collection":[{"href":"https:\/\/andritsaina.site\/fr\/wp-json\/wp\/v2\/pages"}],"about":[{"href":"https:\/\/andritsaina.site\/fr\/wp-json\/wp\/v2\/types\/page"}],"author":[{"embeddable":true,"href":"https:\/\/andritsaina.site\/fr\/wp-json\/wp\/v2\/users\/6"}],"replies":[{"embeddable":true,"href":"https:\/\/andritsaina.site\/fr\/wp-json\/wp\/v2\/comments?post=23"}],"version-history":[{"count":8,"href":"https:\/\/andritsaina.site\/fr\/wp-json\/wp\/v2\/pages\/23\/revisions"}],"predecessor-version":[{"id":2967,"href":"https:\/\/andritsaina.site\/fr\/wp-json\/wp\/v2\/pages\/23\/revisions\/2967"}],"wp:attachment":[{"href":"https:\/\/andritsaina.site\/fr\/wp-json\/wp\/v2\/media?parent=23"}],"curies":[{"name":"wp","href":"https:\/\/api.w.org\/{rel}","templated":true}]}}